{"id":14385,"date":"2025-08-18T15:00:01","date_gmt":"2025-08-18T13:00:01","guid":{"rendered":"https:\/\/velkoobchod.orijintea.com\/produkt\/zhong-bily-se-znaky\/"},"modified":"2026-02-26T09:43:32","modified_gmt":"2026-02-26T08:43:32","slug":"zhong-bily-se-znaky","status":"publish","type":"product","link":"https:\/\/velkoobchod.orijintea.com\/en\/produkt\/zhong-bily-se-znaky\/","title":{"rendered":"Zhong b\u00edl\u00fd se znaky 120ml"},"content":{"rendered":"","protected":false},"excerpt":{"rendered":"<p>B\u00edl\u00fd zhong se znaky &#8211; ver\u0161 z Tao Te \u0165ing.<\/p>\n<p>Shang Shan Ruo Shui \u4e0a\u5584\u82e5\u6c34 &#8211; <em>&#8220;Nejvy\u0161\u0161\u00ed dobro je jako voda&#8221;<\/em><\/p>\n","protected":false},"featured_media":14595,"template":"","meta":[],"product_cat":[1432,1454,1458],"product_tag":[1729],"acf":[],"_links":{"self":[{"href":"https:\/\/velkoobchod.orijintea.com\/en\/wp-json\/wp\/v2\/product\/14385"}],"collection":[{"href":"https:\/\/velkoobchod.orijintea.com\/en\/wp-json\/wp\/v2\/product"}],"about":[{"href":"https:\/\/velkoobchod.orijintea.com\/en\/wp-json\/wp\/v2\/types\/product"}],"wp:featuredmedia":[{"embeddable":true,"href":"https:\/\/velkoobchod.orijintea.com\/en\/wp-json\/wp\/v2\/media\/14595"}],"wp:attachment":[{"href":"https:\/\/velkoobchod.orijintea.com\/en\/wp-json\/wp\/v2\/media?parent=14385"}],"wp:term":[{"taxonomy":"product_cat","embeddable":true,"href":"https:\/\/velkoobchod.orijintea.com\/en\/wp-json\/wp\/v2\/product_cat?post=14385"},{"taxonomy":"product_tag","embeddable":true,"href":"https:\/\/velkoobchod.orijintea.com\/en\/wp-json\/wp\/v2\/product_tag?post=14385"}],"curies":[{"name":"wp","href":"https:\/\/api.w.org\/{rel}","templated":true}]}}