{"id":14386,"date":"2025-08-18T15:00:03","date_gmt":"2025-08-18T13:00:03","guid":{"rendered":"https:\/\/velkoobchod.orijintea.com\/produkt\/zhong-bambus-se-samodrzicim-vickem\/"},"modified":"2026-03-09T13:38:43","modified_gmt":"2026-03-09T12:38:43","slug":"zhong-bambus-se-samodrzicim-vickem","status":"publish","type":"product","link":"https:\/\/velkoobchod.orijintea.com\/en\/produkt\/zhong-bambus-se-samodrzicim-vickem\/","title":{"rendered":"Zhong bambus se samodr\u017e\u00edc\u00edm v\u00ed\u010dkem"},"content":{"rendered":"","protected":false},"excerpt":{"rendered":"<p>Klasick\u00fd zhong s tradi\u010dn\u00edm motivem s modern\u00ed inovac\u00ed &#8211; v\u00ed\u010dko m\u00e1 na spodu v\u00fdstupek, za kter\u00fd se d\u00e1 zachytit za okraj zhongu.<\/p>\n","protected":false},"featured_media":14607,"template":"","meta":[],"product_cat":[1432,1454,1458],"product_tag":[1729],"acf":[],"_links":{"self":[{"href":"https:\/\/velkoobchod.orijintea.com\/en\/wp-json\/wp\/v2\/product\/14386"}],"collection":[{"href":"https:\/\/velkoobchod.orijintea.com\/en\/wp-json\/wp\/v2\/product"}],"about":[{"href":"https:\/\/velkoobchod.orijintea.com\/en\/wp-json\/wp\/v2\/types\/product"}],"wp:featuredmedia":[{"embeddable":true,"href":"https:\/\/velkoobchod.orijintea.com\/en\/wp-json\/wp\/v2\/media\/14607"}],"wp:attachment":[{"href":"https:\/\/velkoobchod.orijintea.com\/en\/wp-json\/wp\/v2\/media?parent=14386"}],"wp:term":[{"taxonomy":"product_cat","embeddable":true,"href":"https:\/\/velkoobchod.orijintea.com\/en\/wp-json\/wp\/v2\/product_cat?post=14386"},{"taxonomy":"product_tag","embeddable":true,"href":"https:\/\/velkoobchod.orijintea.com\/en\/wp-json\/wp\/v2\/product_tag?post=14386"}],"curies":[{"name":"wp","href":"https:\/\/api.w.org\/{rel}","templated":true}]}}