{"id":14388,"date":"2025-08-18T15:00:07","date_gmt":"2025-08-18T13:00:07","guid":{"rendered":"https:\/\/velkoobchod.orijintea.com\/produkt\/zhong-drak-na-taliri\/"},"modified":"2026-03-11T10:20:24","modified_gmt":"2026-03-11T09:20:24","slug":"zhong-drak-na-taliri","status":"publish","type":"product","link":"https:\/\/velkoobchod.orijintea.com\/en\/produkt\/zhong-drak-na-taliri\/","title":{"rendered":"Zhong drak na tal\u00ed\u0159i"},"content":{"rendered":"","protected":false},"excerpt":{"rendered":"<p>V\u011bt\u0161\u00ed zhong s tradi\u010dn\u00edm motivem draka. Jako pod\u0161\u00e1lek zde slou\u017e\u00ed velk\u00fd dra\u010d\u00ed tal\u00ed\u0159.<\/p>\n","protected":false},"featured_media":14615,"template":"","meta":[],"product_cat":[1432,1454,1458],"product_tag":[1729],"acf":[],"_links":{"self":[{"href":"https:\/\/velkoobchod.orijintea.com\/en\/wp-json\/wp\/v2\/product\/14388"}],"collection":[{"href":"https:\/\/velkoobchod.orijintea.com\/en\/wp-json\/wp\/v2\/product"}],"about":[{"href":"https:\/\/velkoobchod.orijintea.com\/en\/wp-json\/wp\/v2\/types\/product"}],"wp:featuredmedia":[{"embeddable":true,"href":"https:\/\/velkoobchod.orijintea.com\/en\/wp-json\/wp\/v2\/media\/14615"}],"wp:attachment":[{"href":"https:\/\/velkoobchod.orijintea.com\/en\/wp-json\/wp\/v2\/media?parent=14388"}],"wp:term":[{"taxonomy":"product_cat","embeddable":true,"href":"https:\/\/velkoobchod.orijintea.com\/en\/wp-json\/wp\/v2\/product_cat?post=14388"},{"taxonomy":"product_tag","embeddable":true,"href":"https:\/\/velkoobchod.orijintea.com\/en\/wp-json\/wp\/v2\/product_tag?post=14388"}],"curies":[{"name":"wp","href":"https:\/\/api.w.org\/{rel}","templated":true}]}}