{"id":14389,"date":"2025-08-18T15:00:08","date_gmt":"2025-08-18T13:00:08","guid":{"rendered":"https:\/\/velkoobchod.orijintea.com\/produkt\/bily-zhong-lux-100ml\/"},"modified":"2025-12-08T12:27:50","modified_gmt":"2025-12-08T11:27:50","slug":"bily-zhong-lux-100ml","status":"publish","type":"product","link":"https:\/\/velkoobchod.orijintea.com\/en\/produkt\/bily-zhong-lux-100ml\/","title":{"rendered":"B\u00edl\u00fd zhong lux 100ml"},"content":{"rendered":"","protected":false},"excerpt":{"rendered":"<p>Klasick\u00fd b\u00edl\u00fd zhong z kvalitn\u00edho porce\u00e1nu z Jing De Zhen.<\/p>\n","protected":false},"featured_media":14260,"template":"","meta":[],"product_cat":[1432,1454,1458],"product_tag":[1729],"acf":[],"_links":{"self":[{"href":"https:\/\/velkoobchod.orijintea.com\/en\/wp-json\/wp\/v2\/product\/14389"}],"collection":[{"href":"https:\/\/velkoobchod.orijintea.com\/en\/wp-json\/wp\/v2\/product"}],"about":[{"href":"https:\/\/velkoobchod.orijintea.com\/en\/wp-json\/wp\/v2\/types\/product"}],"wp:featuredmedia":[{"embeddable":true,"href":"https:\/\/velkoobchod.orijintea.com\/en\/wp-json\/wp\/v2\/media\/14260"}],"wp:attachment":[{"href":"https:\/\/velkoobchod.orijintea.com\/en\/wp-json\/wp\/v2\/media?parent=14389"}],"wp:term":[{"taxonomy":"product_cat","embeddable":true,"href":"https:\/\/velkoobchod.orijintea.com\/en\/wp-json\/wp\/v2\/product_cat?post=14389"},{"taxonomy":"product_tag","embeddable":true,"href":"https:\/\/velkoobchod.orijintea.com\/en\/wp-json\/wp\/v2\/product_tag?post=14389"}],"curies":[{"name":"wp","href":"https:\/\/api.w.org\/{rel}","templated":true}]}}