{"id":14390,"date":"2025-08-18T15:00:09","date_gmt":"2025-08-18T13:00:09","guid":{"rendered":"https:\/\/velkoobchod.orijintea.com\/produkt\/bily-zhong-bez-podsalku-120ml\/"},"modified":"2025-08-25T10:34:20","modified_gmt":"2025-08-25T08:34:20","slug":"bily-zhong-bez-podsalku-120ml","status":"publish","type":"product","link":"https:\/\/velkoobchod.orijintea.com\/en\/produkt\/bily-zhong-bez-podsalku-120ml\/","title":{"rendered":"B\u00edl\u00fd zhong bez pod\u0161\u00e1lku 120ml"},"content":{"rendered":"","protected":false},"excerpt":{"rendered":"<p>Modern\u00ed b\u00edl\u00fd zhong bez pod\u0161\u00e1lku z kvalitn\u00edho porcel\u00e1nu z Jing DEe Zhen.<\/p>\n","protected":false},"featured_media":14262,"template":"","meta":[],"product_cat":[1432,1454,1458],"product_tag":[1729],"acf":[],"_links":{"self":[{"href":"https:\/\/velkoobchod.orijintea.com\/en\/wp-json\/wp\/v2\/product\/14390"}],"collection":[{"href":"https:\/\/velkoobchod.orijintea.com\/en\/wp-json\/wp\/v2\/product"}],"about":[{"href":"https:\/\/velkoobchod.orijintea.com\/en\/wp-json\/wp\/v2\/types\/product"}],"wp:featuredmedia":[{"embeddable":true,"href":"https:\/\/velkoobchod.orijintea.com\/en\/wp-json\/wp\/v2\/media\/14262"}],"wp:attachment":[{"href":"https:\/\/velkoobchod.orijintea.com\/en\/wp-json\/wp\/v2\/media?parent=14390"}],"wp:term":[{"taxonomy":"product_cat","embeddable":true,"href":"https:\/\/velkoobchod.orijintea.com\/en\/wp-json\/wp\/v2\/product_cat?post=14390"},{"taxonomy":"product_tag","embeddable":true,"href":"https:\/\/velkoobchod.orijintea.com\/en\/wp-json\/wp\/v2\/product_tag?post=14390"}],"curies":[{"name":"wp","href":"https:\/\/api.w.org\/{rel}","templated":true}]}}