{"id":14391,"date":"2025-08-18T15:00:11","date_gmt":"2025-08-18T13:00:11","guid":{"rendered":"https:\/\/velkoobchod.orijintea.com\/produkt\/sklenena-konvice-se-sitkem-700ml\/"},"modified":"2025-10-09T09:44:49","modified_gmt":"2025-10-09T07:44:49","slug":"sklenena-konvice-se-sitkem-700ml","status":"publish","type":"product","link":"https:\/\/velkoobchod.orijintea.com\/en\/produkt\/sklenena-konvice-se-sitkem-700ml\/","title":{"rendered":"Sklen\u011bn\u00e1 konvice se s\u00edtkem 700ml"},"content":{"rendered":"","protected":false},"excerpt":{"rendered":"<p>Vysok\u00e1 sklen\u011bn\u00e1 konvice\/d\u017eb\u00e1n se sklen\u011bn\u00fdm s\u00edtkem a v\u00ed\u010dkem (plast pouze jako t\u011bsn\u011bn\u00ed v\u00ed\u010dka). Ide\u00e1ln\u00ed pro p\u0159\u00edpravu ledov\u00fdch \u010daj\u016f a\/nebo macer\u00e1t\u016f.<\/p>\n","protected":false},"featured_media":14619,"template":"","meta":[],"product_cat":[1439,1432,1468,1466],"product_tag":[1729],"acf":[],"_links":{"self":[{"href":"https:\/\/velkoobchod.orijintea.com\/en\/wp-json\/wp\/v2\/product\/14391"}],"collection":[{"href":"https:\/\/velkoobchod.orijintea.com\/en\/wp-json\/wp\/v2\/product"}],"about":[{"href":"https:\/\/velkoobchod.orijintea.com\/en\/wp-json\/wp\/v2\/types\/product"}],"wp:featuredmedia":[{"embeddable":true,"href":"https:\/\/velkoobchod.orijintea.com\/en\/wp-json\/wp\/v2\/media\/14619"}],"wp:attachment":[{"href":"https:\/\/velkoobchod.orijintea.com\/en\/wp-json\/wp\/v2\/media?parent=14391"}],"wp:term":[{"taxonomy":"product_cat","embeddable":true,"href":"https:\/\/velkoobchod.orijintea.com\/en\/wp-json\/wp\/v2\/product_cat?post=14391"},{"taxonomy":"product_tag","embeddable":true,"href":"https:\/\/velkoobchod.orijintea.com\/en\/wp-json\/wp\/v2\/product_tag?post=14391"}],"curies":[{"name":"wp","href":"https:\/\/api.w.org\/{rel}","templated":true}]}}