{"id":14392,"date":"2025-08-18T15:00:12","date_gmt":"2025-08-18T13:00:12","guid":{"rendered":"https:\/\/velkoobchod.orijintea.com\/produkt\/nasypka-bila-lux\/"},"modified":"2025-08-19T14:47:57","modified_gmt":"2025-08-19T12:47:57","slug":"nasypka-bila-lux","status":"publish","type":"product","link":"https:\/\/velkoobchod.orijintea.com\/en\/produkt\/nasypka-bila-lux\/","title":{"rendered":"N\u00e1sypka b\u00edl\u00e1 lux"},"content":{"rendered":"","protected":false},"excerpt":{"rendered":"<p>Luxusn\u00ed porcel\u00e1nov\u00e1 n\u00e1sypka na \u010daj z kvalitn\u00edho porcel\u00e1nu z Jing De Zhen.<\/p>\n","protected":false},"featured_media":14266,"template":"","meta":[],"product_cat":[1432,1459],"product_tag":[1729],"acf":[],"_links":{"self":[{"href":"https:\/\/velkoobchod.orijintea.com\/en\/wp-json\/wp\/v2\/product\/14392"}],"collection":[{"href":"https:\/\/velkoobchod.orijintea.com\/en\/wp-json\/wp\/v2\/product"}],"about":[{"href":"https:\/\/velkoobchod.orijintea.com\/en\/wp-json\/wp\/v2\/types\/product"}],"wp:featuredmedia":[{"embeddable":true,"href":"https:\/\/velkoobchod.orijintea.com\/en\/wp-json\/wp\/v2\/media\/14266"}],"wp:attachment":[{"href":"https:\/\/velkoobchod.orijintea.com\/en\/wp-json\/wp\/v2\/media?parent=14392"}],"wp:term":[{"taxonomy":"product_cat","embeddable":true,"href":"https:\/\/velkoobchod.orijintea.com\/en\/wp-json\/wp\/v2\/product_cat?post=14392"},{"taxonomy":"product_tag","embeddable":true,"href":"https:\/\/velkoobchod.orijintea.com\/en\/wp-json\/wp\/v2\/product_tag?post=14392"}],"curies":[{"name":"wp","href":"https:\/\/api.w.org\/{rel}","templated":true}]}}