{"id":14397,"date":"2025-08-18T15:00:24","date_gmt":"2025-08-18T13:00:24","guid":{"rendered":"https:\/\/velkoobchod.orijintea.com\/produkt\/doza-oranzova-s-dvojitym-vickem\/"},"modified":"2025-08-19T14:47:56","modified_gmt":"2025-08-19T12:47:56","slug":"doza-oranzova-s-dvojitym-vickem","status":"publish","type":"product","link":"https:\/\/velkoobchod.orijintea.com\/en\/produkt\/doza-oranzova-s-dvojitym-vickem\/","title":{"rendered":"D\u00f3za oran\u017eov\u00e1 s dvojit\u00fdm v\u00ed\u010dkem"},"content":{"rendered":"","protected":false},"excerpt":{"rendered":"<p>Plechov\u00e1 d\u00f3za na \u010daj s dvojit\u00fdm v\u00ed\u010dkem pro lep\u0161\u00ed ut\u011bsn\u011bn\u00ed.<\/p>\n<p>D\u00f3zy m\u016f\u017eete doplnit vlastn\u00edmi nalepovac\u00edmi etiketami a vytvo\u0159it\u00a0 tak origin\u00e1ln\u00ed balen\u00ed vybran\u00fdch \u010daj\u016f.<\/p>\n","protected":false},"featured_media":14635,"template":"","meta":[],"product_cat":[1446,1432,1459],"product_tag":[1729],"acf":[],"_links":{"self":[{"href":"https:\/\/velkoobchod.orijintea.com\/en\/wp-json\/wp\/v2\/product\/14397"}],"collection":[{"href":"https:\/\/velkoobchod.orijintea.com\/en\/wp-json\/wp\/v2\/product"}],"about":[{"href":"https:\/\/velkoobchod.orijintea.com\/en\/wp-json\/wp\/v2\/types\/product"}],"wp:featuredmedia":[{"embeddable":true,"href":"https:\/\/velkoobchod.orijintea.com\/en\/wp-json\/wp\/v2\/media\/14635"}],"wp:attachment":[{"href":"https:\/\/velkoobchod.orijintea.com\/en\/wp-json\/wp\/v2\/media?parent=14397"}],"wp:term":[{"taxonomy":"product_cat","embeddable":true,"href":"https:\/\/velkoobchod.orijintea.com\/en\/wp-json\/wp\/v2\/product_cat?post=14397"},{"taxonomy":"product_tag","embeddable":true,"href":"https:\/\/velkoobchod.orijintea.com\/en\/wp-json\/wp\/v2\/product_tag?post=14397"}],"curies":[{"name":"wp","href":"https:\/\/api.w.org\/{rel}","templated":true}]}}