{"id":14398,"date":"2025-08-18T15:00:27","date_gmt":"2025-08-18T13:00:27","guid":{"rendered":"https:\/\/velkoobchod.orijintea.com\/produkt\/more-s-plastovou-vanou-tmave\/"},"modified":"2025-11-25T15:09:44","modified_gmt":"2025-11-25T14:09:44","slug":"more-s-plastovou-vanou-tmave","status":"publish","type":"product","link":"https:\/\/velkoobchod.orijintea.com\/en\/produkt\/more-s-plastovou-vanou-tmave\/","title":{"rendered":"Mo\u0159e s plastovou vanou tmav\u00e9"},"content":{"rendered":"","protected":false},"excerpt":{"rendered":"<p>Modern\u00ed \u010dajov\u00e9 mo\u0159e s bambusovou m\u0159\u00ed\u017ekou a plastov\u00fdm dnem.<\/p>\n","protected":false},"featured_media":14637,"template":"","meta":[],"product_cat":[1435,1433,1432,1438],"product_tag":[1729],"acf":[],"_links":{"self":[{"href":"https:\/\/velkoobchod.orijintea.com\/en\/wp-json\/wp\/v2\/product\/14398"}],"collection":[{"href":"https:\/\/velkoobchod.orijintea.com\/en\/wp-json\/wp\/v2\/product"}],"about":[{"href":"https:\/\/velkoobchod.orijintea.com\/en\/wp-json\/wp\/v2\/types\/product"}],"wp:featuredmedia":[{"embeddable":true,"href":"https:\/\/velkoobchod.orijintea.com\/en\/wp-json\/wp\/v2\/media\/14637"}],"wp:attachment":[{"href":"https:\/\/velkoobchod.orijintea.com\/en\/wp-json\/wp\/v2\/media?parent=14398"}],"wp:term":[{"taxonomy":"product_cat","embeddable":true,"href":"https:\/\/velkoobchod.orijintea.com\/en\/wp-json\/wp\/v2\/product_cat?post=14398"},{"taxonomy":"product_tag","embeddable":true,"href":"https:\/\/velkoobchod.orijintea.com\/en\/wp-json\/wp\/v2\/product_tag?post=14398"}],"curies":[{"name":"wp","href":"https:\/\/api.w.org\/{rel}","templated":true}]}}