{"id":14400,"date":"2025-08-18T15:00:30","date_gmt":"2025-08-18T13:00:30","guid":{"rendered":"https:\/\/velkoobchod.orijintea.com\/produkt\/more-bambus-lu-yu\/"},"modified":"2026-03-02T14:23:48","modified_gmt":"2026-03-02T13:23:48","slug":"more-bambus-lu-yu","status":"publish","type":"product","link":"https:\/\/velkoobchod.orijintea.com\/en\/produkt\/more-bambus-lu-yu\/","title":{"rendered":"Mo\u0159e bambus Lu Yu"},"content":{"rendered":"","protected":false},"excerpt":{"rendered":"<p>Velk\u00e9 bambusov\u00e9 \u010dajov\u00e9 mo\u0159e s tradi\u010dn\u00edm motivem \u010dajov\u00e9ho mistra Lu Yu.<\/p>\n","protected":false},"featured_media":14641,"template":"","meta":[],"product_cat":[1435,1433,1432,1437,1438],"product_tag":[1729],"acf":[],"_links":{"self":[{"href":"https:\/\/velkoobchod.orijintea.com\/en\/wp-json\/wp\/v2\/product\/14400"}],"collection":[{"href":"https:\/\/velkoobchod.orijintea.com\/en\/wp-json\/wp\/v2\/product"}],"about":[{"href":"https:\/\/velkoobchod.orijintea.com\/en\/wp-json\/wp\/v2\/types\/product"}],"wp:featuredmedia":[{"embeddable":true,"href":"https:\/\/velkoobchod.orijintea.com\/en\/wp-json\/wp\/v2\/media\/14641"}],"wp:attachment":[{"href":"https:\/\/velkoobchod.orijintea.com\/en\/wp-json\/wp\/v2\/media?parent=14400"}],"wp:term":[{"taxonomy":"product_cat","embeddable":true,"href":"https:\/\/velkoobchod.orijintea.com\/en\/wp-json\/wp\/v2\/product_cat?post=14400"},{"taxonomy":"product_tag","embeddable":true,"href":"https:\/\/velkoobchod.orijintea.com\/en\/wp-json\/wp\/v2\/product_tag?post=14400"}],"curies":[{"name":"wp","href":"https:\/\/api.w.org\/{rel}","templated":true}]}}