{"id":14402,"date":"2025-08-18T15:00:32","date_gmt":"2025-08-18T13:00:32","guid":{"rendered":"https:\/\/velkoobchod.orijintea.com\/produkt\/more-tvrdy-bambus-jiang-nan\/"},"modified":"2026-02-26T09:43:32","modified_gmt":"2026-02-26T08:43:32","slug":"more-tvrdy-bambus-jiang-nan","status":"publish","type":"product","link":"https:\/\/velkoobchod.orijintea.com\/en\/produkt\/more-tvrdy-bambus-jiang-nan\/","title":{"rendered":"Mo\u0159e tvrd\u00fd bambus Jiang Nan"},"content":{"rendered":"<p><strong>Zhong Zhu \u91cd\u7af9<\/strong>: tvrd\u00fd bambus, zn\u00e1m\u00fd tak\u00e9 jako <em>rekonstituovan\u00fd bambus<\/em>\u00a0nebo\u00a0<em>pramenov\u011b tkan\u00fd bambus<\/em>, je modern\u00ed, vysoce hust\u00fd kompozitn\u00ed materi\u00e1l z bambusu. Vyr\u00e1b\u00ed se rozd\u011blen\u00edm p\u0159\u00edrodn\u00edho bambusu na prou\u017eky nebo vl\u00e1kna, kter\u00e1 jsou n\u00e1sledn\u011b o\u0161et\u0159ena, slepena a lisov\u00e1na za vysok\u00e9 teploty a tlaku, aby vznikly hust\u00e9 desky nebo profily. D\u00edky kompaktn\u00ed struktu\u0159e je velmi odoln\u00fd v\u016f\u010di opot\u0159eben\u00ed, n\u00e1raz\u016fm a tlaku.<\/p>\n","protected":false},"excerpt":{"rendered":"<p>Mal\u00e9 modern\u00ed \u010dajov\u00e9 mo\u0159e vyroben\u00e9 z tvrd\u00e9ho bambusu (zhong zhu).<\/p>\n","protected":false},"featured_media":14647,"template":"","meta":[],"product_cat":[1435,1433,1432,1438],"product_tag":[1729],"acf":[],"_links":{"self":[{"href":"https:\/\/velkoobchod.orijintea.com\/en\/wp-json\/wp\/v2\/product\/14402"}],"collection":[{"href":"https:\/\/velkoobchod.orijintea.com\/en\/wp-json\/wp\/v2\/product"}],"about":[{"href":"https:\/\/velkoobchod.orijintea.com\/en\/wp-json\/wp\/v2\/types\/product"}],"wp:featuredmedia":[{"embeddable":true,"href":"https:\/\/velkoobchod.orijintea.com\/en\/wp-json\/wp\/v2\/media\/14647"}],"wp:attachment":[{"href":"https:\/\/velkoobchod.orijintea.com\/en\/wp-json\/wp\/v2\/media?parent=14402"}],"wp:term":[{"taxonomy":"product_cat","embeddable":true,"href":"https:\/\/velkoobchod.orijintea.com\/en\/wp-json\/wp\/v2\/product_cat?post=14402"},{"taxonomy":"product_tag","embeddable":true,"href":"https:\/\/velkoobchod.orijintea.com\/en\/wp-json\/wp\/v2\/product_tag?post=14402"}],"curies":[{"name":"wp","href":"https:\/\/api.w.org\/{rel}","templated":true}]}}