{"id":14405,"date":"2025-08-18T15:00:37","date_gmt":"2025-08-18T13:00:37","guid":{"rendered":"https:\/\/velkoobchod.orijintea.com\/produkt\/mini-more-kulate-bile\/"},"modified":"2026-03-23T10:27:38","modified_gmt":"2026-03-23T09:27:38","slug":"mini-more-kulate-bile","status":"publish","type":"product","link":"https:\/\/velkoobchod.orijintea.com\/en\/produkt\/mini-more-kulate-bile\/","title":{"rendered":"Mini mo\u0159e kulat\u00e9 b\u00edl\u00e9"},"content":{"rendered":"","protected":false},"excerpt":{"rendered":"<p>Modern\u00ed n\u00edzk\u00e9 kulat\u00e9 plastov\u00e9 \u010dajov\u00e9 mo\u0159e s bambusovou m\u0159\u00ed\u017ekou. Nad\u010dasov\u00fd design a dlouh\u00e1 \u017eivotnost.<\/p>\n","protected":false},"featured_media":14653,"template":"","meta":[],"product_cat":[1435,1433,1432,1438],"product_tag":[1729],"acf":[],"_links":{"self":[{"href":"https:\/\/velkoobchod.orijintea.com\/en\/wp-json\/wp\/v2\/product\/14405"}],"collection":[{"href":"https:\/\/velkoobchod.orijintea.com\/en\/wp-json\/wp\/v2\/product"}],"about":[{"href":"https:\/\/velkoobchod.orijintea.com\/en\/wp-json\/wp\/v2\/types\/product"}],"wp:featuredmedia":[{"embeddable":true,"href":"https:\/\/velkoobchod.orijintea.com\/en\/wp-json\/wp\/v2\/media\/14653"}],"wp:attachment":[{"href":"https:\/\/velkoobchod.orijintea.com\/en\/wp-json\/wp\/v2\/media?parent=14405"}],"wp:term":[{"taxonomy":"product_cat","embeddable":true,"href":"https:\/\/velkoobchod.orijintea.com\/en\/wp-json\/wp\/v2\/product_cat?post=14405"},{"taxonomy":"product_tag","embeddable":true,"href":"https:\/\/velkoobchod.orijintea.com\/en\/wp-json\/wp\/v2\/product_tag?post=14405"}],"curies":[{"name":"wp","href":"https:\/\/api.w.org\/{rel}","templated":true}]}}