{"id":14406,"date":"2025-08-18T15:00:38","date_gmt":"2025-08-18T13:00:38","guid":{"rendered":"https:\/\/velkoobchod.orijintea.com\/produkt\/more-bambus-zakulacene-tmave\/"},"modified":"2026-03-18T11:28:12","modified_gmt":"2026-03-18T10:28:12","slug":"more-bambus-zakulacene-tmave","status":"publish","type":"product","link":"https:\/\/velkoobchod.orijintea.com\/en\/produkt\/more-bambus-zakulacene-tmave\/","title":{"rendered":"Mo\u0159e bambus zakulacen\u00e9 tmav\u00e9"},"content":{"rendered":"<h4>Sleva &#8211; drobn\u00e9 vady<\/h4>\n<p><em>\u010cajov\u00e9 mo\u0159e nen\u00ed ur\u010deno k dlouhodob\u00e9 \u00faschov\u011b vody; po pou\u017eit\u00ed je zachycenou vodu nutn\u00e9 co nejd\u0159\u00edve vyl\u00edt a mo\u0159e nechat vyschnout. Bambus je p\u0159\u00edrodn\u00ed materi\u00e1l kter\u00fd st\u00e1le pracuje a v prost\u0159ed\u00ed s jinou vzdu\u0161nou vlhkost\u00ed m\u016f\u017ee \u010dasem praskat.<\/em><\/p>\n","protected":false},"excerpt":{"rendered":"<p>Modern\u00ed tmav\u00e9 bambusov\u00e9 \u010dajov\u00e9 mo\u0159e se zakulacen\u00fdmi rohy. Tradi\u010dn\u00ed dekor bambusu.<\/p>\n","protected":false},"featured_media":14655,"template":"","meta":[],"product_cat":[1435,1433,1432,1438],"product_tag":[1729],"acf":[],"_links":{"self":[{"href":"https:\/\/velkoobchod.orijintea.com\/en\/wp-json\/wp\/v2\/product\/14406"}],"collection":[{"href":"https:\/\/velkoobchod.orijintea.com\/en\/wp-json\/wp\/v2\/product"}],"about":[{"href":"https:\/\/velkoobchod.orijintea.com\/en\/wp-json\/wp\/v2\/types\/product"}],"wp:featuredmedia":[{"embeddable":true,"href":"https:\/\/velkoobchod.orijintea.com\/en\/wp-json\/wp\/v2\/media\/14655"}],"wp:attachment":[{"href":"https:\/\/velkoobchod.orijintea.com\/en\/wp-json\/wp\/v2\/media?parent=14406"}],"wp:term":[{"taxonomy":"product_cat","embeddable":true,"href":"https:\/\/velkoobchod.orijintea.com\/en\/wp-json\/wp\/v2\/product_cat?post=14406"},{"taxonomy":"product_tag","embeddable":true,"href":"https:\/\/velkoobchod.orijintea.com\/en\/wp-json\/wp\/v2\/product_tag?post=14406"}],"curies":[{"name":"wp","href":"https:\/\/api.w.org\/{rel}","templated":true}]}}