{"id":14408,"date":"2025-08-18T15:00:46","date_gmt":"2025-08-18T13:00:46","guid":{"rendered":"https:\/\/velkoobchod.orijintea.com\/produkt\/trinoha-zaba-hojnosti-tmava\/"},"modified":"2026-03-30T10:20:16","modified_gmt":"2026-03-30T08:20:16","slug":"trinoha-zaba-hojnosti-tmava","status":"publish","type":"product","link":"https:\/\/velkoobchod.orijintea.com\/en\/produkt\/trinoha-zaba-hojnosti-tmava\/","title":{"rendered":"T\u0159\u00ednoh\u00e1 \u017e\u00e1ba hojnosti tmav\u00e1"},"content":{"rendered":"<p>\u010c\u00ednsky\u00a0<u><a href=\"https:\/\/en.wikipedia.org\/wiki\/Jin_Chan\" target=\"_blank\" rel=\"noopener noreferrer\">Jin Chan (zlat\u00e1 ropucha)<\/a><\/u>\u00a0\u010di Chan Chu (ropucha), anglicky Money Frog, \u010desky t\u0159\u00ednoh\u00e1 \u017e\u00e1ba hojnosti reprezentuje popul\u00e1rn\u00ed talisman hojnosti dle Feng-\u0161uej. Prav\u00ed se, \u017ee toto m\u00fdtick\u00e9 zv\u00ed\u0159e se objevuje b\u011bhem \u00fapl\u0148ku pobl\u00ed\u017e dom\u016f \u010di podnik\u016f, kter\u00e9 maj\u00ed brzy dostat dobr\u00e9 zpr\u00e1vy (zpravidla se t\u00edm m\u00edn\u00ed zpr\u00e1vy souvisej\u00edc\u00ed s bohatstv\u00edm). Podle jedn\u00e9 \u010d\u00ednsk\u00e9 legendy byla Zlat\u00e1 ropucha chamtivou man\u017eelkou jednoho z\u00a0<u><a href=\"http:\/\/en.wikipedia.org\/wiki\/Eight_Immortals\" target=\"_blank\" rel=\"noopener noreferrer\">Osmi nesmrteln\u00fdch (Ba Xian)<\/a><\/u>, kter\u00e1 byla prom\u011bn\u011bna v ropuchu jako trest za kr\u00e1de\u017e\u00a0<u><a href=\"http:\/\/en.wikipedia.org\/wiki\/Peaches_of_Immortality\" target=\"_blank\" rel=\"noopener noreferrer\">Broskv\u00ed nesmrtelnosti (Xian Tao)<\/a><\/u>, kter\u00e9 jsou potravou pro nesmrteln\u00e9, povznesen\u00e9 \u010di osv\u00edcen\u00e9 bytosti. Broskve symbolizuj\u00ed nesmrtelnost (nebo p\u0159\u00e1n\u00ed dlouh\u00e9ho a zdrav\u00e9ho \u017eivota) a \u010dasto se objevuj\u00ed v \u010d\u00ednsk\u00e9m um\u011bn\u00ed a p\u0159\u00edb\u011bz\u00edch.<\/p>\n","protected":false},"excerpt":{"rendered":"<p>T\u0159\u00ednoh\u00e1 \u017e\u00e1ba je v \u010c\u00edn\u011b pova\u017eov\u00e1na za tradi\u010dn\u00ed symbol \u0161t\u011bst\u00ed a p\u0159ich\u00e1zej\u00edc\u00ed hojnosti.\u00a0V tlami\u010dce dr\u017e\u00ed minci a t\u00edm finan\u010dn\u00ed hojnost stimuluje.<\/p>\n","protected":false},"featured_media":14683,"template":"","meta":[],"product_cat":[1432,1459,1463],"product_tag":[1729],"acf":[],"_links":{"self":[{"href":"https:\/\/velkoobchod.orijintea.com\/en\/wp-json\/wp\/v2\/product\/14408"}],"collection":[{"href":"https:\/\/velkoobchod.orijintea.com\/en\/wp-json\/wp\/v2\/product"}],"about":[{"href":"https:\/\/velkoobchod.orijintea.com\/en\/wp-json\/wp\/v2\/types\/product"}],"wp:featuredmedia":[{"embeddable":true,"href":"https:\/\/velkoobchod.orijintea.com\/en\/wp-json\/wp\/v2\/media\/14683"}],"wp:attachment":[{"href":"https:\/\/velkoobchod.orijintea.com\/en\/wp-json\/wp\/v2\/media?parent=14408"}],"wp:term":[{"taxonomy":"product_cat","embeddable":true,"href":"https:\/\/velkoobchod.orijintea.com\/en\/wp-json\/wp\/v2\/product_cat?post=14408"},{"taxonomy":"product_tag","embeddable":true,"href":"https:\/\/velkoobchod.orijintea.com\/en\/wp-json\/wp\/v2\/product_tag?post=14408"}],"curies":[{"name":"wp","href":"https:\/\/api.w.org\/{rel}","templated":true}]}}