{"id":14786,"date":"2025-08-21T10:35:10","date_gmt":"2025-08-21T08:35:10","guid":{"rendered":"https:\/\/velkoobchod.orijintea.com\/produkt\/souprava-bily-zhong-a-salky\/"},"modified":"2025-11-06T12:39:54","modified_gmt":"2025-11-06T11:39:54","slug":"souprava-bily-zhong-a-salky","status":"publish","type":"product","link":"https:\/\/velkoobchod.orijintea.com\/en\/produkt\/souprava-bily-zhong-a-salky\/","title":{"rendered":"Souprava b\u00edl\u00fd zhong a \u0161\u00e1lky"},"content":{"rendered":"","protected":false},"excerpt":{"rendered":"<p>Souprava b\u00edl\u00e9ho zhongu a 6 \u0161\u00e1lk\u016f z kvalitn\u00edho porcel\u00e1nu z Jing De Zhen.<\/p>\n","protected":false},"featured_media":14248,"template":"","meta":[],"product_cat":[1432,1454,1470],"product_tag":[1729],"acf":[],"_links":{"self":[{"href":"https:\/\/velkoobchod.orijintea.com\/en\/wp-json\/wp\/v2\/product\/14786"}],"collection":[{"href":"https:\/\/velkoobchod.orijintea.com\/en\/wp-json\/wp\/v2\/product"}],"about":[{"href":"https:\/\/velkoobchod.orijintea.com\/en\/wp-json\/wp\/v2\/types\/product"}],"wp:featuredmedia":[{"embeddable":true,"href":"https:\/\/velkoobchod.orijintea.com\/en\/wp-json\/wp\/v2\/media\/14248"}],"wp:attachment":[{"href":"https:\/\/velkoobchod.orijintea.com\/en\/wp-json\/wp\/v2\/media?parent=14786"}],"wp:term":[{"taxonomy":"product_cat","embeddable":true,"href":"https:\/\/velkoobchod.orijintea.com\/en\/wp-json\/wp\/v2\/product_cat?post=14786"},{"taxonomy":"product_tag","embeddable":true,"href":"https:\/\/velkoobchod.orijintea.com\/en\/wp-json\/wp\/v2\/product_tag?post=14786"}],"curies":[{"name":"wp","href":"https:\/\/api.w.org\/{rel}","templated":true}]}}