{"id":14793,"date":"2025-08-21T10:35:41","date_gmt":"2025-08-21T08:35:41","guid":{"rendered":"https:\/\/velkoobchod.orijintea.com\/produkt\/konev-yixing-160ml\/"},"modified":"2025-12-03T11:38:52","modified_gmt":"2025-12-03T10:38:52","slug":"konev-yixing-160ml","status":"publish","type":"product","link":"https:\/\/velkoobchod.orijintea.com\/en\/produkt\/konev-yixing-160ml\/","title":{"rendered":"Konev yixing 160ml"},"content":{"rendered":"","protected":false},"excerpt":{"rendered":"<p>Kvalitn\u00ed yixingsk\u00e1 konvi\u010dka ru\u010dn\u00ed v\u00fdroby.<\/p>\n","protected":false},"featured_media":14731,"template":"","meta":[],"product_cat":[1432,1472,1471],"product_tag":[1729],"acf":[],"_links":{"self":[{"href":"https:\/\/velkoobchod.orijintea.com\/en\/wp-json\/wp\/v2\/product\/14793"}],"collection":[{"href":"https:\/\/velkoobchod.orijintea.com\/en\/wp-json\/wp\/v2\/product"}],"about":[{"href":"https:\/\/velkoobchod.orijintea.com\/en\/wp-json\/wp\/v2\/types\/product"}],"wp:featuredmedia":[{"embeddable":true,"href":"https:\/\/velkoobchod.orijintea.com\/en\/wp-json\/wp\/v2\/media\/14731"}],"wp:attachment":[{"href":"https:\/\/velkoobchod.orijintea.com\/en\/wp-json\/wp\/v2\/media?parent=14793"}],"wp:term":[{"taxonomy":"product_cat","embeddable":true,"href":"https:\/\/velkoobchod.orijintea.com\/en\/wp-json\/wp\/v2\/product_cat?post=14793"},{"taxonomy":"product_tag","embeddable":true,"href":"https:\/\/velkoobchod.orijintea.com\/en\/wp-json\/wp\/v2\/product_tag?post=14793"}],"curies":[{"name":"wp","href":"https:\/\/api.w.org\/{rel}","templated":true}]}}