{"id":14814,"date":"2025-08-27T12:32:26","date_gmt":"2025-08-27T10:32:26","guid":{"rendered":"https:\/\/velkoobchod.orijintea.com\/?post_type=product&#038;p=14814"},"modified":"2026-03-11T11:39:04","modified_gmt":"2026-03-11T10:39:04","slug":"hubei-hong-oolong","status":"publish","type":"product","link":"https:\/\/velkoobchod.orijintea.com\/en\/produkt\/hubei-hong-oolong\/","title":{"rendered":"Hubei Hong Oolong"},"content":{"rendered":"","protected":false},"excerpt":{"rendered":"<p>\u201e\u010cerven\u00fd oolong\u201c \u2013 subkategorie oolong\u016f, kter\u00e1 se vyzna\u010duje vy\u0161\u0161\u00ed m\u00edrou oxidace oproti b\u011b\u017en\u00fdm typ\u016fm a nav\u00edc i p\u0159\u00edtomnost\u00ed tips\u016f.<\/p>\n<p>\u010caj m\u00e1 d\u00edky vy\u0161\u0161\u00ed oxidaci charakter bl\u00ed\u017ee \u010derven\u00fdm \u010daj\u016fm a d\u00edky tips\u016fm jemn\u00fd kv\u011btinov\u00fd charakter.<\/p>\n<p>N\u00e1lev tmav\u011b oran\u017eov\u00e9 barvy, komplexn\u00ed ovocn\u00e9 chuti se sv\u011b\u017e\u00edm kv\u011btinov\u00fdm z\u00e1v\u011brem.<\/p>\n","protected":false},"featured_media":14331,"template":"","meta":[],"product_cat":[142,1405,1417],"product_tag":[2093,1481],"acf":[],"_links":{"self":[{"href":"https:\/\/velkoobchod.orijintea.com\/en\/wp-json\/wp\/v2\/product\/14814"}],"collection":[{"href":"https:\/\/velkoobchod.orijintea.com\/en\/wp-json\/wp\/v2\/product"}],"about":[{"href":"https:\/\/velkoobchod.orijintea.com\/en\/wp-json\/wp\/v2\/types\/product"}],"wp:featuredmedia":[{"embeddable":true,"href":"https:\/\/velkoobchod.orijintea.com\/en\/wp-json\/wp\/v2\/media\/14331"}],"wp:attachment":[{"href":"https:\/\/velkoobchod.orijintea.com\/en\/wp-json\/wp\/v2\/media?parent=14814"}],"wp:term":[{"taxonomy":"product_cat","embeddable":true,"href":"https:\/\/velkoobchod.orijintea.com\/en\/wp-json\/wp\/v2\/product_cat?post=14814"},{"taxonomy":"product_tag","embeddable":true,"href":"https:\/\/velkoobchod.orijintea.com\/en\/wp-json\/wp\/v2\/product_tag?post=14814"}],"curies":[{"name":"wp","href":"https:\/\/api.w.org\/{rel}","templated":true}]}}