{"id":14819,"date":"2025-08-27T12:56:26","date_gmt":"2025-08-27T10:56:26","guid":{"rendered":"https:\/\/velkoobchod.orijintea.com\/?post_type=product&#038;p=14819"},"modified":"2026-03-11T11:39:04","modified_gmt":"2026-03-11T10:39:04","slug":"hubei-shou-mei","status":"publish","type":"product","link":"https:\/\/velkoobchod.orijintea.com\/en\/produkt\/hubei-shou-mei\/","title":{"rendered":"Hubei Shou Mei"},"content":{"rendered":"","protected":false},"excerpt":{"rendered":"<p>B\u00edl\u00fd \u010daj vyr\u00e1b\u011bn\u00fd tradi\u010dn\u00ed metodou \u2013 l\u00edstky se nejprve nech\u00e1vaj\u00ed p\u0159irozen\u011b zavadnout na slunci a pot\u00e9 se pe\u010dliv\u011b dosu\u0161uj\u00ed. L\u00edstky poch\u00e1zej\u00ed z malostromov\u00e9, p\u0159irozen\u011b se vyskytuj\u00edc\u00ed variety \u010dajovn\u00edku rostouc\u00edho divoce v t\u00e9m\u011b\u0159 nep\u0159\u00edstupn\u00e9 lokalit\u011b provincie Hubei. D\u00edky \u0161etrn\u00e9mu zpracov\u00e1n\u00ed si zachov\u00e1vaj\u00ed sv\u016fj p\u016fvodn\u00ed tvar i leskl\u00fd, v\u00edcebarevn\u00fd vzhled.<\/p>\n<p>\u010caj vynik\u00e1 jemnou kv\u011btinovou v\u016fn\u00ed, n\u00e1lev je \u010dir\u00fd, sv\u011btle mandlov\u00e9ho odst\u00ednu.<\/p>\n<p>Chu\u0165 je osv\u011b\u017euj\u00edc\u00ed, p\u0159\u00edjemn\u011b sladk\u00e1 a doprov\u00e1zen\u00e1 dlouhotrvaj\u00edc\u00edm aftertastem.<\/p>\n<p>Metody p\u0159\u00edpravy jsou v\u0161estrann\u00e9 \u2013 hod\u00ed se pro klasick\u00e9 louhov\u00e1n\u00ed, v\u00edcen\u00e1levov\u00fd zp\u016fsob p\u0159\u00edpravy i pro p\u0159\u00edpravu pova\u0159en\u00edm.<\/p>\n","protected":false},"featured_media":14333,"template":"","meta":[],"product_cat":[1390,142,1417],"product_tag":[1481],"acf":[],"_links":{"self":[{"href":"https:\/\/velkoobchod.orijintea.com\/en\/wp-json\/wp\/v2\/product\/14819"}],"collection":[{"href":"https:\/\/velkoobchod.orijintea.com\/en\/wp-json\/wp\/v2\/product"}],"about":[{"href":"https:\/\/velkoobchod.orijintea.com\/en\/wp-json\/wp\/v2\/types\/product"}],"wp:featuredmedia":[{"embeddable":true,"href":"https:\/\/velkoobchod.orijintea.com\/en\/wp-json\/wp\/v2\/media\/14333"}],"wp:attachment":[{"href":"https:\/\/velkoobchod.orijintea.com\/en\/wp-json\/wp\/v2\/media?parent=14819"}],"wp:term":[{"taxonomy":"product_cat","embeddable":true,"href":"https:\/\/velkoobchod.orijintea.com\/en\/wp-json\/wp\/v2\/product_cat?post=14819"},{"taxonomy":"product_tag","embeddable":true,"href":"https:\/\/velkoobchod.orijintea.com\/en\/wp-json\/wp\/v2\/product_tag?post=14819"}],"curies":[{"name":"wp","href":"https:\/\/api.w.org\/{rel}","templated":true}]}}