{"id":14825,"date":"2025-08-27T14:44:49","date_gmt":"2025-08-27T12:44:49","guid":{"rendered":"https:\/\/velkoobchod.orijintea.com\/?post_type=product&#038;p=14825"},"modified":"2026-03-11T11:39:31","modified_gmt":"2026-03-11T10:39:31","slug":"hubei-mu-dan","status":"publish","type":"product","link":"https:\/\/velkoobchod.orijintea.com\/en\/produkt\/hubei-mu-dan\/","title":{"rendered":"Hubei Mu Dan"},"content":{"rendered":"","protected":false},"excerpt":{"rendered":"<p>&#8220;Pivo\u0148ka z Hubei&#8221; \u2013 b\u00edl\u00fd \u010daj vyr\u00e1b\u011bn\u00fd tradi\u010dn\u00ed metodou \u2013 l\u00edstky se nejprve nech\u00e1vaj\u00ed p\u0159irozen\u011b zavadnout na slunci a pot\u00e9 se pe\u010dliv\u011b dosu\u0161uj\u00ed. L\u00edstky poch\u00e1zej\u00ed z malostromov\u00e9, p\u0159irozen\u011b se vyskytuj\u00edc\u00ed variety \u010dajovn\u00edku rostouc\u00edho divoce v t\u00e9m\u011b\u0159 nep\u0159\u00edstupn\u00e9 lokalit\u011b provincie Hubei.<\/p>\n<p>Je charakteristick\u00fd rovnom\u011brn\u00fdmi l\u00edstky a v\u00fdrazn\u00fdmi tipsy s dob\u0159e viditeln\u00fdm st\u0159\u00edb\u0159it\u00fdm ochm\u00fd\u0159en\u00edm a tak\u00e9 podmanivou, sv\u011b\u017e\u00ed a povzn\u00e1\u0161ej\u00edc\u00ed orchidejovou v\u016fn\u00ed.<\/p>\n<p>N\u00e1lev je \u010dir\u00fd,\u00a0 jasn\u00e9 sv\u011btle mandlov\u00e9 barvy. Chu\u0165 je kv\u011btinov\u011b sladk\u00e1, doprov\u00e1zen\u00e1 dlouhotrvaj\u00edc\u00edm aftertastem. Tento \u010daj vynik\u00e1 tak\u00e9 dlouhou v\u00fddr\u017e\u00ed p\u0159i opakovan\u00e9m zal\u00e9v\u00e1n\u00ed.<\/p>\n","protected":false},"featured_media":14335,"template":"","meta":[],"product_cat":[1390,142,1417],"product_tag":[1481],"acf":[],"_links":{"self":[{"href":"https:\/\/velkoobchod.orijintea.com\/en\/wp-json\/wp\/v2\/product\/14825"}],"collection":[{"href":"https:\/\/velkoobchod.orijintea.com\/en\/wp-json\/wp\/v2\/product"}],"about":[{"href":"https:\/\/velkoobchod.orijintea.com\/en\/wp-json\/wp\/v2\/types\/product"}],"wp:featuredmedia":[{"embeddable":true,"href":"https:\/\/velkoobchod.orijintea.com\/en\/wp-json\/wp\/v2\/media\/14335"}],"wp:attachment":[{"href":"https:\/\/velkoobchod.orijintea.com\/en\/wp-json\/wp\/v2\/media?parent=14825"}],"wp:term":[{"taxonomy":"product_cat","embeddable":true,"href":"https:\/\/velkoobchod.orijintea.com\/en\/wp-json\/wp\/v2\/product_cat?post=14825"},{"taxonomy":"product_tag","embeddable":true,"href":"https:\/\/velkoobchod.orijintea.com\/en\/wp-json\/wp\/v2\/product_tag?post=14825"}],"curies":[{"name":"wp","href":"https:\/\/api.w.org\/{rel}","templated":true}]}}