{"id":14829,"date":"2025-08-27T14:56:48","date_gmt":"2025-08-27T12:56:48","guid":{"rendered":"https:\/\/velkoobchod.orijintea.com\/?post_type=product&#038;p=14829"},"modified":"2026-03-30T10:10:05","modified_gmt":"2026-03-30T08:10:05","slug":"yunnan-huang-cha","status":"publish","type":"product","link":"https:\/\/velkoobchod.orijintea.com\/en\/produkt\/yunnan-huang-cha\/","title":{"rendered":"Yunnan Huang Cha"},"content":{"rendered":"","protected":false},"excerpt":{"rendered":"<p>&#8220;\u017dlut\u00fd \u010daj z Yunnanu&#8221; \u2013 Such\u00e9 l\u00edstky jsou pevn\u011b svinut\u00e9, jednolit\u00e9, zlatav\u00e9 a s viditeln\u00fdm jemn\u00fdm ochm\u00fd\u0159en\u00edm, co\u017e odr\u00e1\u017e\u00ed jejich vysokou kvalitu. L\u00edstky poch\u00e1z\u00ed z v\u00fd\u0161e polo\u017een\u00fdch zahrad (1700 m.n.m).<\/p>\n<p>N\u00e1lev je \u010dir\u00fd, jasn\u00fd, meru\u0148kov\u011b \u017elut\u00e9ho odst\u00ednu. V\u016fn\u011b je dlouhotrvaj\u00edc\u00ed, lehk\u00e1 a z\u00e1rove\u0148 bohat\u00e1 a podmaniv\u00e1. Snoub\u00ed mnohovrstevnatou medovou sladkost s jemn\u00fdmi kv\u011btinov\u00fdmi t\u00f3ny se stopami ovoce.<\/p>\n<p>Chu\u0165 je nasl\u00e1dl\u00e1, hladk\u00e1, osv\u011b\u017euj\u00edc\u00ed, jemn\u00e1 a z\u00e1rove\u0148 v\u00fdrazn\u00e1. Aftertaste je nasl\u00e1dl\u00fd a dlouhotrvaj\u00edc\u00ed. \u010caj si uchov\u00e1v\u00e1 plnou chu\u0165 i po mnoha n\u00e1levech.<\/p>\n","protected":false},"featured_media":14874,"template":"","meta":[],"product_cat":[142,1417,1427],"product_tag":[2093,1481],"acf":[],"_links":{"self":[{"href":"https:\/\/velkoobchod.orijintea.com\/en\/wp-json\/wp\/v2\/product\/14829"}],"collection":[{"href":"https:\/\/velkoobchod.orijintea.com\/en\/wp-json\/wp\/v2\/product"}],"about":[{"href":"https:\/\/velkoobchod.orijintea.com\/en\/wp-json\/wp\/v2\/types\/product"}],"wp:featuredmedia":[{"embeddable":true,"href":"https:\/\/velkoobchod.orijintea.com\/en\/wp-json\/wp\/v2\/media\/14874"}],"wp:attachment":[{"href":"https:\/\/velkoobchod.orijintea.com\/en\/wp-json\/wp\/v2\/media?parent=14829"}],"wp:term":[{"taxonomy":"product_cat","embeddable":true,"href":"https:\/\/velkoobchod.orijintea.com\/en\/wp-json\/wp\/v2\/product_cat?post=14829"},{"taxonomy":"product_tag","embeddable":true,"href":"https:\/\/velkoobchod.orijintea.com\/en\/wp-json\/wp\/v2\/product_tag?post=14829"}],"curies":[{"name":"wp","href":"https:\/\/api.w.org\/{rel}","templated":true}]}}