{"id":14844,"date":"2025-09-09T15:13:48","date_gmt":"2025-09-09T13:13:48","guid":{"rendered":"https:\/\/velkoobchod.orijintea.com\/?post_type=product&#038;p=14844"},"modified":"2026-03-30T10:20:16","modified_gmt":"2026-03-30T08:20:16","slug":"matcha-premium","status":"publish","type":"product","link":"https:\/\/velkoobchod.orijintea.com\/en\/produkt\/matcha-premium\/","title":{"rendered":"Matcha Premium"},"content":{"rendered":"<p><strong>Doporu\u010den\u00e1 p\u0159\u00edprava:<\/strong>\u00a02-3 (bambusov\u00e9) l\u017ei\u010dky s pr\u00e1\u0161kov\u00fdm \u010dajem vlo\u017e\u00edme do v\u011bt\u0161\u00ed vyh\u0159\u00e1t\u00e9 misky (chavan), zalijeme p\u0159ibli\u017en\u011b 2 dcl vody o teplot\u011b 75-80\u00b0C a okam\u017eit\u011b na\u0161leh\u00e1me s pomoc\u00ed bambusov\u00e9 metli\u010dky (\u010dasen) dokud nez\u00edsk\u00e1me bohatou, kr\u00e1sn\u011b zelenou p\u011bnu.<\/p>\n","protected":false},"excerpt":{"rendered":"<p>Pr\u00e9miov\u00fd jemn\u011b mlet\u00fd \u010d\u00ednsk\u00fd zelen\u00fd \u010daj typu matcha ze zahrad v oblasti Shaoxing. Oproti <a href=\"https:\/\/velkoobchod.orijintea.com\/produkt\/matcha\/\">b\u011b\u017en\u00e9 sort\u011b<\/a> byly \u010dajovn\u00edky d\u00e9le st\u00edn\u011bny (15 dn\u00ed) a \u010dajov\u00e9 l\u00edstky maj\u00ed jemn\u011bj\u0161\u00ed a \u0161etrn\u011bj\u0161\u00ed mlet\u00ed.<\/p>\n<p>\u010caj lze pou\u017e\u00edt jak v japonsk\u00e9m \u010dajov\u00e9m ob\u0159adu \u010danoju tak k neform\u00e1ln\u00ed domac\u00ed p\u0159\u00edprav\u011b nebo k rozli\u010dn\u00fdm kulin\u00e1\u0159sk\u00fdm \u00fa\u010del\u016fm.<\/p>\n<p>Pro v\u00fdrobu jsou pou\u017eity pouze nejkvalitn\u011bj\u0161\u00ed l\u00edstky zelen\u00e9ho \u010daje, kter\u00e9 se po usu\u0161en\u00ed pomalu melou v kamenn\u00fdch ml\u00fdnech. S pomoc\u00ed \u0161etrn\u00e9ho zpracov\u00e1n\u00ed si \u010daj zachov\u00e1v\u00e1 v\u0161echny obsa\u017een\u00e9 zdrav\u00ed prosp\u011b\u0161n\u00e9 l\u00e1tky a velmi sv\u011b\u017e\u00ed v\u016fni i chu\u0165.<\/p>\n","protected":false},"featured_media":14904,"template":"","meta":[],"product_cat":[142,1420,1417,1418],"product_tag":[],"acf":[],"_links":{"self":[{"href":"https:\/\/velkoobchod.orijintea.com\/en\/wp-json\/wp\/v2\/product\/14844"}],"collection":[{"href":"https:\/\/velkoobchod.orijintea.com\/en\/wp-json\/wp\/v2\/product"}],"about":[{"href":"https:\/\/velkoobchod.orijintea.com\/en\/wp-json\/wp\/v2\/types\/product"}],"wp:featuredmedia":[{"embeddable":true,"href":"https:\/\/velkoobchod.orijintea.com\/en\/wp-json\/wp\/v2\/media\/14904"}],"wp:attachment":[{"href":"https:\/\/velkoobchod.orijintea.com\/en\/wp-json\/wp\/v2\/media?parent=14844"}],"wp:term":[{"taxonomy":"product_cat","embeddable":true,"href":"https:\/\/velkoobchod.orijintea.com\/en\/wp-json\/wp\/v2\/product_cat?post=14844"},{"taxonomy":"product_tag","embeddable":true,"href":"https:\/\/velkoobchod.orijintea.com\/en\/wp-json\/wp\/v2\/product_tag?post=14844"}],"curies":[{"name":"wp","href":"https:\/\/api.w.org\/{rel}","templated":true}]}}