{"id":14894,"date":"2025-10-16T15:39:30","date_gmt":"2025-10-16T13:39:30","guid":{"rendered":"https:\/\/velkoobchod.orijintea.com\/?post_type=product&#038;p=14894"},"modified":"2026-03-11T11:39:41","modified_gmt":"2026-03-11T10:39:41","slug":"nong-xiang-tie-guan-yin","status":"publish","type":"product","link":"https:\/\/velkoobchod.orijintea.com\/en\/produkt\/nong-xiang-tie-guan-yin\/","title":{"rendered":"Nong Xiang Tie Guan Yin"},"content":{"rendered":"","protected":false},"excerpt":{"rendered":"<p>Nong Xiang Tie Guan Yin je tradi\u010dn\u011b zpracovan\u00fd, tedy na d\u0159ev\u011bn\u00e9m uhl\u00ed pe\u010den\u00fd, oolong z provincie Fu-\u0165ien.<\/p>\n<p>Tradi\u010dn\u00ed pe\u010den\u00ed dod\u00e1v\u00e1 \u010daji hlubokou pra\u017eenou v\u016fni a hladkou bohatou chu\u0165. Tento zp\u016fsob zpracov\u00e1n\u00ed odli\u0161uje Nong Xiang Tie Guan Yin od b\u011b\u017en\u00fdch typ\u016f Tie Guan Yin posledn\u00edch let, kter\u00e9 \u010dasto maj\u00ed lehk\u00fd kv\u011btinov\u00fd charakter.<\/p>\n","protected":false},"featured_media":14906,"template":"","meta":[],"product_cat":[142,1405,1409],"product_tag":[1481],"acf":[],"_links":{"self":[{"href":"https:\/\/velkoobchod.orijintea.com\/en\/wp-json\/wp\/v2\/product\/14894"}],"collection":[{"href":"https:\/\/velkoobchod.orijintea.com\/en\/wp-json\/wp\/v2\/product"}],"about":[{"href":"https:\/\/velkoobchod.orijintea.com\/en\/wp-json\/wp\/v2\/types\/product"}],"wp:featuredmedia":[{"embeddable":true,"href":"https:\/\/velkoobchod.orijintea.com\/en\/wp-json\/wp\/v2\/media\/14906"}],"wp:attachment":[{"href":"https:\/\/velkoobchod.orijintea.com\/en\/wp-json\/wp\/v2\/media?parent=14894"}],"wp:term":[{"taxonomy":"product_cat","embeddable":true,"href":"https:\/\/velkoobchod.orijintea.com\/en\/wp-json\/wp\/v2\/product_cat?post=14894"},{"taxonomy":"product_tag","embeddable":true,"href":"https:\/\/velkoobchod.orijintea.com\/en\/wp-json\/wp\/v2\/product_tag?post=14894"}],"curies":[{"name":"wp","href":"https:\/\/api.w.org\/{rel}","templated":true}]}}