{"id":14947,"date":"2025-12-02T14:29:28","date_gmt":"2025-12-02T13:29:28","guid":{"rendered":"https:\/\/velkoobchod.orijintea.com\/produkt\/konvicka-yixing-shui-ping-180ml\/"},"modified":"2025-12-03T11:34:47","modified_gmt":"2025-12-03T10:34:47","slug":"konvicka-yixing-shui-ping-180ml","status":"publish","type":"product","link":"https:\/\/velkoobchod.orijintea.com\/en\/produkt\/konvicka-yixing-shui-ping-180ml\/","title":{"rendered":"Konvi\u010dka Yixing Shui Ping 180ml"},"content":{"rendered":"","protected":false},"excerpt":{"rendered":"<p>Kvalitn\u00ed yixingsk\u00e1 konvi\u010dka ru\u010dn\u00ed v\u00fdroby.<\/p>\n","protected":false},"featured_media":14709,"template":"","meta":[],"product_cat":[1432,1472,1471],"product_tag":[1729],"acf":[],"_links":{"self":[{"href":"https:\/\/velkoobchod.orijintea.com\/en\/wp-json\/wp\/v2\/product\/14947"}],"collection":[{"href":"https:\/\/velkoobchod.orijintea.com\/en\/wp-json\/wp\/v2\/product"}],"about":[{"href":"https:\/\/velkoobchod.orijintea.com\/en\/wp-json\/wp\/v2\/types\/product"}],"wp:featuredmedia":[{"embeddable":true,"href":"https:\/\/velkoobchod.orijintea.com\/en\/wp-json\/wp\/v2\/media\/14709"}],"wp:attachment":[{"href":"https:\/\/velkoobchod.orijintea.com\/en\/wp-json\/wp\/v2\/media?parent=14947"}],"wp:term":[{"taxonomy":"product_cat","embeddable":true,"href":"https:\/\/velkoobchod.orijintea.com\/en\/wp-json\/wp\/v2\/product_cat?post=14947"},{"taxonomy":"product_tag","embeddable":true,"href":"https:\/\/velkoobchod.orijintea.com\/en\/wp-json\/wp\/v2\/product_tag?post=14947"}],"curies":[{"name":"wp","href":"https:\/\/api.w.org\/{rel}","templated":true}]}}