{"id":15084,"date":"2025-12-08T15:51:59","date_gmt":"2025-12-08T14:51:59","guid":{"rendered":"https:\/\/velkoobchod.orijintea.com\/?post_type=product&#038;p=15084"},"modified":"2025-12-11T12:22:38","modified_gmt":"2025-12-11T11:22:38","slug":"gaiwan-a-miska-kua-ke-bei-165ml","status":"publish","type":"product","link":"https:\/\/velkoobchod.orijintea.com\/en\/produkt\/gaiwan-a-miska-kua-ke-bei-165ml\/","title":{"rendered":"Gaiwan a miska Kua Ke Bei 165ml"},"content":{"rendered":"","protected":false},"excerpt":{"rendered":"<p>Kvalitn\u00ed yixingsk\u00fd gaiwan s miskou ru\u010dn\u00ed v\u00fdroby.<\/p>\n","protected":false},"featured_media":14957,"template":"","meta":[],"product_cat":[1432,1471,1474],"product_tag":[1729],"acf":[],"_links":{"self":[{"href":"https:\/\/velkoobchod.orijintea.com\/en\/wp-json\/wp\/v2\/product\/15084"}],"collection":[{"href":"https:\/\/velkoobchod.orijintea.com\/en\/wp-json\/wp\/v2\/product"}],"about":[{"href":"https:\/\/velkoobchod.orijintea.com\/en\/wp-json\/wp\/v2\/types\/product"}],"wp:featuredmedia":[{"embeddable":true,"href":"https:\/\/velkoobchod.orijintea.com\/en\/wp-json\/wp\/v2\/media\/14957"}],"wp:attachment":[{"href":"https:\/\/velkoobchod.orijintea.com\/en\/wp-json\/wp\/v2\/media?parent=15084"}],"wp:term":[{"taxonomy":"product_cat","embeddable":true,"href":"https:\/\/velkoobchod.orijintea.com\/en\/wp-json\/wp\/v2\/product_cat?post=15084"},{"taxonomy":"product_tag","embeddable":true,"href":"https:\/\/velkoobchod.orijintea.com\/en\/wp-json\/wp\/v2\/product_tag?post=15084"}],"curies":[{"name":"wp","href":"https:\/\/api.w.org\/{rel}","templated":true}]}}