{"id":15116,"date":"2026-01-28T12:31:37","date_gmt":"2026-01-28T11:31:37","guid":{"rendered":"https:\/\/velkoobchod.orijintea.com\/?post_type=product&#038;p=15116"},"modified":"2026-02-26T10:04:48","modified_gmt":"2026-02-26T09:04:48","slug":"liu-bao-mini-tuo","status":"publish","type":"product","link":"https:\/\/velkoobchod.orijintea.com\/en\/produkt\/liu-bao-mini-tuo\/","title":{"rendered":"Liu Bao 2003 Mini Tuo Cha"},"content":{"rendered":"<p><a href=\"http:\/\/babelcarp.org\/babelcarp\/babelcarp.cgi?phrase=Liu4+Bao3+Cha2&amp;define=1\" target=\"_blank\" rel=\"noopener\">Liu Bao Cha \u516d\u5821\u8336<\/a> neboli &#8216;\u010caj \u0161esti pevnost\u00ed&#8217; &#8211; mezi znalci velmi cen\u011bn\u00fd (u n\u00e1s naopak sp\u00ed\u0161e opom\u00edjen\u00fd a nedocen\u011bn\u00fd) slavn\u00fd tmav\u00fd \u010daj (hei cha \u9ed1\u8336), kter\u00fd m\u00e1 velmi p\u0159\u00edzniv\u00e9 \u00fa\u010dinky na organismus a poch\u00e1z\u00ed z provincie Kuang-si (Guangxi).<\/p>\n<p>\u010casto se lze na trhu setkat s \u010daji ozna\u010dovan\u00fdmi jako Liu Bao, av\u0161ak z jin\u00fdch provinc\u00ed &#8211; ne v\u017edy se mus\u00ed jednat vylo\u017een\u011b o \u0161patn\u00e9 \u010daje, av\u0161ak s prav\u00fdm Liu Bao se nemohou srovn\u00e1vat. Liu Bao m\u00e1 velmi specifick\u00fd chu\u0165ov\u00fd profil, kter\u00fd nedocen\u00edte ihned, ale a\u017e postupn\u011b v pr\u016fb\u011bhu pop\u00edjen\u00ed.<\/p>\n<p>\u010caj m\u00e1 celkov\u011b sp\u00ed\u0161e ochlazuj\u00edc\u00ed \u00fa\u010dinek, velmi unik\u00e1tn\u00ed chu\u0165 a p\u0159edev\u0161\u00edm aftertaste, kter\u00fd si nelze spl\u00e9st.<\/p>\n","protected":false},"excerpt":{"rendered":"<p>&#8220;\u010caj \u0160esti pevnost\u00ed&#8221; lisovan\u00fd do mal\u00fdch hn\u00edzd z mixu cel\u00fdch a l\u00e1man\u00fdch l\u00edstk\u016f. N\u00e1lev tmav\u00e9 barvy, hutn\u00e9 v\u016fn\u011b s n\u00e1dechem ko\u0159en\u00ed a d\u0159eva, pln\u00e9 a osv\u011b\u017euj\u00edc\u00ed nasl\u00e1dl\u00e9 chuti s dlouh\u00fdm aftertastem.<\/p>\n<p>Tato mini hn\u00edzde\u010dka Liubao z roku 2003 byla vyrobena tov\u00e1rnou Wuzhou Tea Factory, pr\u016fkopn\u00edkem \u0159emesln\u00e9ho zpracov\u00e1n\u00ed tmav\u00fdch \u010daj\u016f, a po letech zr\u00e1n\u00ed dosp\u011bla v klasick\u00fd projev h\u0159ejiv\u00e9 jemnosti.<\/p>\n<p>Po t\u00e9m\u011b\u0159 dvaceti letech se ve\u0161ker\u00e1 sv\u00edravost mlad\u00e9ho \u010daje zjemnila a odhalila \u010dist\u00e9 aroma vyzr\u00e1l\u00e9ho \u010daje s v\u00fdrazn\u00fdmi t\u00f3ny betelov\u00e9ho o\u0159echu. Sv\u00fdm charakterem je m\u00edrn\u00fd, do chuti vstupuje hladce, sladce a \u010dist\u011b.<\/p>\n<p>Praktick\u00fd form\u00e1t jedn\u00e9 porce v\u00e1m umo\u017en\u00ed bez n\u00e1mahy vychutnat \u0161\u00e1lek autentick\u00e9ho vyzr\u00e1l\u00e9ho Liubao \u2013 a\u0165 u\u017e p\u0159i kr\u00e1tk\u00e9 pauze v kancel\u00e1\u0159i, nebo p\u0159i klidn\u00e9m odpo\u010dinku doma.<\/p>\n","protected":false},"featured_media":15162,"template":"","meta":[],"product_cat":[142,1411,1416],"product_tag":[],"acf":[],"_links":{"self":[{"href":"https:\/\/velkoobchod.orijintea.com\/en\/wp-json\/wp\/v2\/product\/15116"}],"collection":[{"href":"https:\/\/velkoobchod.orijintea.com\/en\/wp-json\/wp\/v2\/product"}],"about":[{"href":"https:\/\/velkoobchod.orijintea.com\/en\/wp-json\/wp\/v2\/types\/product"}],"wp:featuredmedia":[{"embeddable":true,"href":"https:\/\/velkoobchod.orijintea.com\/en\/wp-json\/wp\/v2\/media\/15162"}],"wp:attachment":[{"href":"https:\/\/velkoobchod.orijintea.com\/en\/wp-json\/wp\/v2\/media?parent=15116"}],"wp:term":[{"taxonomy":"product_cat","embeddable":true,"href":"https:\/\/velkoobchod.orijintea.com\/en\/wp-json\/wp\/v2\/product_cat?post=15116"},{"taxonomy":"product_tag","embeddable":true,"href":"https:\/\/velkoobchod.orijintea.com\/en\/wp-json\/wp\/v2\/product_tag?post=15116"}],"curies":[{"name":"wp","href":"https:\/\/api.w.org\/{rel}","templated":true}]}}