{"id":9952,"date":"2022-04-22T14:55:36","date_gmt":"2022-04-22T12:55:36","guid":{"rendered":"https:\/\/velkoobchod.orijintea.com\/product\/salek-bambus-2\/"},"modified":"2026-03-02T13:13:07","modified_gmt":"2026-03-02T12:13:07","slug":"salek-bambus-2","status":"publish","type":"product","link":"https:\/\/velkoobchod.orijintea.com\/en\/produkt\/salek-bambus-2\/","title":{"rendered":"\u0160\u00e1lek bambus mal\u00fd"},"content":{"rendered":"","protected":false},"excerpt":{"rendered":"<p>Sv\u011btle zelen\u00fd \u0161\u00e1lek s dekorem bambusu.<\/p>\n","protected":false},"featured_media":9883,"template":"","meta":[],"product_cat":[1432,1454,1477],"product_tag":[],"acf":[],"_links":{"self":[{"href":"https:\/\/velkoobchod.orijintea.com\/en\/wp-json\/wp\/v2\/product\/9952"}],"collection":[{"href":"https:\/\/velkoobchod.orijintea.com\/en\/wp-json\/wp\/v2\/product"}],"about":[{"href":"https:\/\/velkoobchod.orijintea.com\/en\/wp-json\/wp\/v2\/types\/product"}],"wp:featuredmedia":[{"embeddable":true,"href":"https:\/\/velkoobchod.orijintea.com\/en\/wp-json\/wp\/v2\/media\/9883"}],"wp:attachment":[{"href":"https:\/\/velkoobchod.orijintea.com\/en\/wp-json\/wp\/v2\/media?parent=9952"}],"wp:term":[{"taxonomy":"product_cat","embeddable":true,"href":"https:\/\/velkoobchod.orijintea.com\/en\/wp-json\/wp\/v2\/product_cat?post=9952"},{"taxonomy":"product_tag","embeddable":true,"href":"https:\/\/velkoobchod.orijintea.com\/en\/wp-json\/wp\/v2\/product_tag?post=9952"}],"curies":[{"name":"wp","href":"https:\/\/api.w.org\/{rel}","templated":true}]}}