{"id":9956,"date":"2022-04-22T14:55:40","date_gmt":"2022-04-22T12:55:40","guid":{"rendered":"https:\/\/velkoobchod.orijintea.com\/product\/zhong-hui-you-modry-bambus\/"},"modified":"2025-12-11T12:34:38","modified_gmt":"2025-12-11T11:34:38","slug":"zhong-hui-you-modry-bambus","status":"publish","type":"product","link":"https:\/\/velkoobchod.orijintea.com\/en\/produkt\/zhong-hui-you-modry-bambus\/","title":{"rendered":"Zhong Hui You modr\u00fd bambus"},"content":{"rendered":"<p><u><a href=\"http:\/\/babelcarp.org\/babelcarp\/babelcarp.cgi?phrase=Hui1+You4&amp;define=1\" target=\"_blank\" rel=\"noopener\" data-cke-saved-href=\"http:\/\/babelcarp.org\/babelcarp\/babelcarp.cgi?phrase=Hui1+You4&amp;define=1\" data-cke-saved->Hui You \u7070\u91c9<\/a><\/u>: Popelov\u00e1 glazura, technika glazov\u00e1n\u00ed keramiky popelem z rostlin,\u00a0<u><a href=\"https:\/\/en.wikipedia.org\/wiki\/Ash_glaze\" target=\"_blank\" rel=\"noopener\" data-cke-saved-href=\"https:\/\/en.wikipedia.org\/wiki\/Ash_glaze\" data-cke-saved->star\u00e1 p\u0159es 3000 let<\/a><\/u>, obvykle m\u00e9n\u011b leskl\u00e1 oproti miner\u00e1ln\u00edm glazur\u00e1m. Pat\u0159\u00ed mezi hlavn\u00ed pil\u00ed\u0159e \u010d\u00ednsk\u00fdch druh\u016f keramiky a m\u00e1 sv\u00e9 m\u00edsto vedle\u00a0<em>Ru Yao<\/em>,\u00a0<em>Yue Yao<\/em>\u00a0a\u00a0<em>Qing Ci (celadon)<\/em>.<\/p>\n","protected":false},"excerpt":{"rendered":"<p>Zhong s modr\u00fdm dekorem bambusu. Prastar\u00e1 technika popelov\u00e9 glazury v modern\u00edm pojet\u00ed.<\/p>\n","protected":false},"featured_media":9913,"template":"","meta":[],"product_cat":[1732,1432,1454,1458],"product_tag":[],"acf":[],"_links":{"self":[{"href":"https:\/\/velkoobchod.orijintea.com\/en\/wp-json\/wp\/v2\/product\/9956"}],"collection":[{"href":"https:\/\/velkoobchod.orijintea.com\/en\/wp-json\/wp\/v2\/product"}],"about":[{"href":"https:\/\/velkoobchod.orijintea.com\/en\/wp-json\/wp\/v2\/types\/product"}],"wp:featuredmedia":[{"embeddable":true,"href":"https:\/\/velkoobchod.orijintea.com\/en\/wp-json\/wp\/v2\/media\/9913"}],"wp:attachment":[{"href":"https:\/\/velkoobchod.orijintea.com\/en\/wp-json\/wp\/v2\/media?parent=9956"}],"wp:term":[{"taxonomy":"product_cat","embeddable":true,"href":"https:\/\/velkoobchod.orijintea.com\/en\/wp-json\/wp\/v2\/product_cat?post=9956"},{"taxonomy":"product_tag","embeddable":true,"href":"https:\/\/velkoobchod.orijintea.com\/en\/wp-json\/wp\/v2\/product_tag?post=9956"}],"curies":[{"name":"wp","href":"https:\/\/api.w.org\/{rel}","templated":true}]}}