{"id":9960,"date":"2022-04-22T14:55:44","date_gmt":"2022-04-22T12:55:44","guid":{"rendered":"https:\/\/velkoobchod.orijintea.com\/product\/konvicka-tri-pratele-zimy\/"},"modified":"2025-11-18T12:13:47","modified_gmt":"2025-11-18T11:13:47","slug":"konvicka-tri-pratele-zimy","status":"publish","type":"product","link":"https:\/\/velkoobchod.orijintea.com\/en\/produkt\/konvicka-tri-pratele-zimy\/","title":{"rendered":"Konvi\u010dka t\u0159i p\u0159\u00e1tel\u00e9 zimy"},"content":{"rendered":"<p><a href=\"https:\/\/cs.wikipedia.org\/wiki\/T%C5%99i_p%C5%99%C3%A1tel%C3%A9_zimy\" target=\"_blank\" rel=\"noopener\">Sui Han San You \u5c81\u5bd2\u4e09\u53cb<\/a>: \u00a0borovice-bambus-slivo\u0148 jsou v\u00fdtvarn\u00fd a kulturn\u00ed motiv v\u00fdchodoasijsk\u00e9ho, p\u0159edev\u0161\u00edm \u010d\u00ednsk\u00e9ho\u00a0a\u00a0japonsk\u00e9ho um\u011bn\u00ed. Zobrazuje borovici,\u00a0slivo\u0148\u00a0a\u00a0bambus\u00a0coby t\u0159i rostliny, kter\u00e9 dok\u00e1\u017eou, ka\u017ed\u00e1 sv\u00fdm zp\u016fsobem, odol\u00e1vat zim\u011b, a jsou tedy oded\u00e1vna symbolem nezlomnosti, vytrvalosti a odolnosti v dob\u00e1ch, kdy v\u0161e vadne a upad\u00e1 a \u010dlov\u011bku zb\u00fdv\u00e1 jen n\u011bkolik nejv\u011brn\u011bj\u0161\u00edch p\u0159\u00e1tel.<\/p>\n","protected":false},"excerpt":{"rendered":"<p>Mal\u00e1 porcel\u00e1nov\u00e1 konvi\u010dka klasick\u00e9ho tvaru s vypoukl\u00fdm porcel\u00e1nov\u00fdm s\u00edtkem v hubi\u010dce. Dekor borovice, bambusu a slivon\u011b (t\u0159i p\u0159\u00e1tel\u00e9 zimy). Prastar\u00e1 receptura materi\u00e1lu, kter\u00e1 d\u00e1v\u00e1 lehce namodral\u00fd odst\u00edn a oproti sn\u011bhob\u00edl\u00e9mu kaol\u00ednu p\u016fsob\u00ed p\u0159\u00edjemn\u011bji.<\/p>\n","protected":false},"featured_media":9863,"template":"","meta":[],"product_cat":[1432,1457,1454],"product_tag":[],"acf":[],"_links":{"self":[{"href":"https:\/\/velkoobchod.orijintea.com\/en\/wp-json\/wp\/v2\/product\/9960"}],"collection":[{"href":"https:\/\/velkoobchod.orijintea.com\/en\/wp-json\/wp\/v2\/product"}],"about":[{"href":"https:\/\/velkoobchod.orijintea.com\/en\/wp-json\/wp\/v2\/types\/product"}],"wp:featuredmedia":[{"embeddable":true,"href":"https:\/\/velkoobchod.orijintea.com\/en\/wp-json\/wp\/v2\/media\/9863"}],"wp:attachment":[{"href":"https:\/\/velkoobchod.orijintea.com\/en\/wp-json\/wp\/v2\/media?parent=9960"}],"wp:term":[{"taxonomy":"product_cat","embeddable":true,"href":"https:\/\/velkoobchod.orijintea.com\/en\/wp-json\/wp\/v2\/product_cat?post=9960"},{"taxonomy":"product_tag","embeddable":true,"href":"https:\/\/velkoobchod.orijintea.com\/en\/wp-json\/wp\/v2\/product_tag?post=9960"}],"curies":[{"name":"wp","href":"https:\/\/api.w.org\/{rel}","templated":true}]}}