{"id":9962,"date":"2022-04-22T14:55:46","date_gmt":"2022-04-22T12:55:46","guid":{"rendered":"https:\/\/velkoobchod.orijintea.com\/product\/konvicka-modra-slivon\/"},"modified":"2025-08-26T15:48:20","modified_gmt":"2025-08-26T13:48:20","slug":"konvicka-modra-slivon","status":"publish","type":"product","link":"https:\/\/velkoobchod.orijintea.com\/en\/produkt\/konvicka-modra-slivon\/","title":{"rendered":"Konvi\u010dka modr\u00e1 slivo\u0148"},"content":{"rendered":"","protected":false},"excerpt":{"rendered":"<p>Mal\u00e1 porcel\u00e1nov\u00e1 konvi\u010dka klasick\u00e9ho tvaru s vypoukl\u00fdm porcel\u00e1nov\u00fdm s\u00edtkem v hubi\u010dce. Prastar\u00e1 receptura materi\u00e1lu, kter\u00e1 d\u00e1v\u00e1 lehce namodral\u00fd odst\u00edn a oproti sn\u011bhob\u00edl\u00e9mu kaol\u00ednu p\u016fsob\u00ed p\u0159\u00edjemn\u011bji.<\/p>\n","protected":false},"featured_media":9873,"template":"","meta":[],"product_cat":[1432,1457,1454],"product_tag":[],"acf":[],"_links":{"self":[{"href":"https:\/\/velkoobchod.orijintea.com\/en\/wp-json\/wp\/v2\/product\/9962"}],"collection":[{"href":"https:\/\/velkoobchod.orijintea.com\/en\/wp-json\/wp\/v2\/product"}],"about":[{"href":"https:\/\/velkoobchod.orijintea.com\/en\/wp-json\/wp\/v2\/types\/product"}],"wp:featuredmedia":[{"embeddable":true,"href":"https:\/\/velkoobchod.orijintea.com\/en\/wp-json\/wp\/v2\/media\/9873"}],"wp:attachment":[{"href":"https:\/\/velkoobchod.orijintea.com\/en\/wp-json\/wp\/v2\/media?parent=9962"}],"wp:term":[{"taxonomy":"product_cat","embeddable":true,"href":"https:\/\/velkoobchod.orijintea.com\/en\/wp-json\/wp\/v2\/product_cat?post=9962"},{"taxonomy":"product_tag","embeddable":true,"href":"https:\/\/velkoobchod.orijintea.com\/en\/wp-json\/wp\/v2\/product_tag?post=9962"}],"curies":[{"name":"wp","href":"https:\/\/api.w.org\/{rel}","templated":true}]}}