{"id":9963,"date":"2022-04-22T14:55:47","date_gmt":"2022-04-22T12:55:47","guid":{"rendered":"https:\/\/velkoobchod.orijintea.com\/product\/zhong-cerveny-bambus\/"},"modified":"2025-11-18T12:13:47","modified_gmt":"2025-11-18T11:13:47","slug":"zhong-cerveny-bambus","status":"publish","type":"product","link":"https:\/\/velkoobchod.orijintea.com\/en\/produkt\/zhong-cerveny-bambus\/","title":{"rendered":"Zhong \u010derven\u00fd bambus"},"content":{"rendered":"","protected":false},"excerpt":{"rendered":"<p>Porcel\u00e1nov\u00fd zhong s dekorem bambusu v jemn\u011b \u010derven\u00e9 barv\u011b. Prastar\u00e1 receptura materi\u00e1lu, kter\u00e1 d\u00e1v\u00e1 lehce namodral\u00fd odst\u00edn a oproti sn\u011bhob\u00edl\u00e9mu kaol\u00ednu p\u016fsob\u00ed p\u0159\u00edjemn\u011bji.<\/p>\n","protected":false},"featured_media":9921,"template":"","meta":[],"product_cat":[1432,1454,1458],"product_tag":[],"acf":[],"_links":{"self":[{"href":"https:\/\/velkoobchod.orijintea.com\/en\/wp-json\/wp\/v2\/product\/9963"}],"collection":[{"href":"https:\/\/velkoobchod.orijintea.com\/en\/wp-json\/wp\/v2\/product"}],"about":[{"href":"https:\/\/velkoobchod.orijintea.com\/en\/wp-json\/wp\/v2\/types\/product"}],"wp:featuredmedia":[{"embeddable":true,"href":"https:\/\/velkoobchod.orijintea.com\/en\/wp-json\/wp\/v2\/media\/9921"}],"wp:attachment":[{"href":"https:\/\/velkoobchod.orijintea.com\/en\/wp-json\/wp\/v2\/media?parent=9963"}],"wp:term":[{"taxonomy":"product_cat","embeddable":true,"href":"https:\/\/velkoobchod.orijintea.com\/en\/wp-json\/wp\/v2\/product_cat?post=9963"},{"taxonomy":"product_tag","embeddable":true,"href":"https:\/\/velkoobchod.orijintea.com\/en\/wp-json\/wp\/v2\/product_tag?post=9963"}],"curies":[{"name":"wp","href":"https:\/\/api.w.org\/{rel}","templated":true}]}}