{"id":9969,"date":"2022-04-22T15:04:47","date_gmt":"2022-04-22T13:04:47","guid":{"rendered":"https:\/\/velkoobchod.orijintea.com\/product\/salek-ciste-bily\/"},"modified":"2025-08-26T15:48:20","modified_gmt":"2025-08-26T13:48:20","slug":"salek-ciste-bily","status":"publish","type":"product","link":"https:\/\/velkoobchod.orijintea.com\/en\/produkt\/salek-ciste-bily\/","title":{"rendered":"\u0160\u00e1lek \u010dist\u011b b\u00edl\u00fd"},"content":{"rendered":"","protected":false},"excerpt":{"rendered":"<p>\u010cist\u011b b\u00edl\u00fd \u0161\u00e1lek z kvalitn\u00edho porcel\u00e1nu z Jing De Zhen.<\/p>\n","protected":false},"featured_media":10069,"template":"","meta":[],"product_cat":[1432,1454,1477],"product_tag":[],"acf":[],"_links":{"self":[{"href":"https:\/\/velkoobchod.orijintea.com\/en\/wp-json\/wp\/v2\/product\/9969"}],"collection":[{"href":"https:\/\/velkoobchod.orijintea.com\/en\/wp-json\/wp\/v2\/product"}],"about":[{"href":"https:\/\/velkoobchod.orijintea.com\/en\/wp-json\/wp\/v2\/types\/product"}],"wp:featuredmedia":[{"embeddable":true,"href":"https:\/\/velkoobchod.orijintea.com\/en\/wp-json\/wp\/v2\/media\/10069"}],"wp:attachment":[{"href":"https:\/\/velkoobchod.orijintea.com\/en\/wp-json\/wp\/v2\/media?parent=9969"}],"wp:term":[{"taxonomy":"product_cat","embeddable":true,"href":"https:\/\/velkoobchod.orijintea.com\/en\/wp-json\/wp\/v2\/product_cat?post=9969"},{"taxonomy":"product_tag","embeddable":true,"href":"https:\/\/velkoobchod.orijintea.com\/en\/wp-json\/wp\/v2\/product_tag?post=9969"}],"curies":[{"name":"wp","href":"https:\/\/api.w.org\/{rel}","templated":true}]}}